{"id":176,"date":"2017-09-12T11:06:46","date_gmt":"2017-09-12T09:06:46","guid":{"rendered":"http:\/\/scuolaartemassaggio.com\/formazione\/?page_id=176"},"modified":"2023-06-12T13:40:28","modified_gmt":"2023-06-12T11:40:28","slug":"condizioni-e-facilities","status":"publish","type":"page","link":"https:\/\/scuolaartemassaggio.com\/formazione\/condizioni-e-facilities\/","title":{"rendered":"Condizioni e Facilities"},"content":{"rendered":"<div class=\"title-line\">\n<h5 class=\"title-info-corsi\">Condizioni necessarie per la partecipazione ai Corsi e modalit\u00e0 di iscrizione<\/h5>\n<\/div>\n<p><strong>I Corsi<\/strong> sono a <strong>numero chiuso<\/strong> e le iscrizioni saranno accettate secondo l&#8217;ordine di ricezione e fino ad esaurimento dei posti. Le iscrizioni devono essere effettuate<strong> almeno entro 10 giorni<\/strong> prima della data di inizio dell\u2019attivit\u00e0, dopo averne fatto richiesta via mail o telefonica e aver fornito copia del titolo di studio richiesto. Dopo aver ricevuto conferma per l\u2019iscrizione \u00e8 richiesto un <strong>acconto di \u20ac 80<\/strong> come prenotazione del posto. Entro e non oltre 7 giorni prima dell&#8217;inizio dei Corsi, e previa conferma ad opera della Direzione, dovr\u00e0 essere operato il saldo, presentando via mail o presso la sede di Pilastro di Marcaria (MN) la documentazione attestante il versamento dell&#8217;importo dovuto (salvo accordi diversi con la Direzione).<\/p>\n<p>In caso di annullamento dell&#8217;iscrizione e\/o di rinuncia alla partecipazione ai Corsi, comunicati alla Direzione a meno di 15 giorni dall&#8217;inizio delle attivit\u00e0, l\u2019acconto verr\u00e0 trattenuto. La direzione si riserva il diritto di annullare i Corsi per i quali non sia raggiunto il numero minimo di Partecipanti, dandone comunicazione agli Iscritti e restituendo la quota di iscrizione eventualmente ricevuta. All&#8217;atto dell&#8217;iscrizione il Partecipante dovr\u00e0 comunicare se \u00e8 affetto da forme allergiche o da patologie limitanti e\/o ostative alla partecipazione alla parte pratica dei Corsi. L&#8217;accesso alle lezioni \u00e8 consentito solo nel rispetto degli orari comunicati. In caso di ritardo, il Partecipante non potr\u00e0 accedere a lezione iniziata, ma dovr\u00e0 attendere il primo break.<br \/>\nAl termine dei Corsi \u00e8 prevista una prova finale, cui saranno ammessi unicamente coloro che avranno frequentato il corso per intero. Al termine della prova verr\u00e0 rilasciato un attestato nominale di frequenza.<br \/>\nPer i Corsi ove non \u00e8 prevista una prova finale, verr\u00e0 comunque rilasciato un attestato di frequenza ai Partecipanti.<\/p>\n<div class=\"qualifiche richieste\">\n<strong>Qualifiche richieste<\/strong>:<\/p>\n<ul>\n<li>qualifica di estetista riconosciuta dalla regione;<\/li>\n<li>assunzione in regola come apprendista estetista;<\/li>\n<li>O.S.S, A.S.A, O.S.A;<\/li>\n<li>lauree in ambito sanitario;<\/li>\n<li>fisioterapista;<\/li>\n<li>massoterapista;<\/li>\n<li>figure con formazione specifica nel campo del benessere, settore olistico e sportivo ,  ma in possesso di regolare P. IVA o regolare contratto di lavoro.<\/li>\n<\/ul>\n<\/div>\n<p><strong>Note*:<\/strong><br \/>\nI requisiti sopra elencati sono di carattere generico.<br \/>\nPer conoscere i requisiti necessari per accedere ad uno specifico corso, o per verificare che la propria specializzazione sia compatibile, contattare la Direzione per un colloquio di valutazione individuale.<\/p>\n<div class=\"title-line\">\n<h5 class=\"title-info-corsi\">Facilities<\/h5>\n<\/div>\n<p>La scuola offre <strong>convenzioni con strutture ricettive<\/strong> e <strong>ristoranti<\/strong> nelle vicinanze della sede, i pranzi sono organizzati dalla scuola e prevedono un costo che va da 10 a 15\u20ac (con possibilit\u00e0 di soddisfare richieste particolari per celiaci, intolleranze, alimentazione vegetariana, ecc.).<br \/>\nPer chi non fosse automunito <strong>organizziamo gratuitamente i trasporti dagli alloggi alla scuola<\/strong>.<br \/>\nPer i trasferimenti dagli aeroporti \u00e8 disponibile un servizio convenzionato della ditta Morelli trasporti con costo a carico del cliente, salvo accordi con la Direzione per gruppi di lavoro. Sono previste <strong>agevolazioni<\/strong> per partecipanti facenti parte della <strong>stessa equipe lavorativa<\/strong>. Si programmano date private per formazione fuori sede per gruppi di almeno 8 persone, salvo accordi diversi con la Direzione.<\/p>\n<p><strong>NB:<\/strong> i corsi potrebbero subire variazioni di date (che verranno comunicate con ampio preavviso)<br \/>\nEssendo la nostra una formazione di nicchia, il numero massimo di partecipanti non supera le 10 unit\u00e0. Per confermare l\u2019iscrizione e prenotare il posto, viene richiesto il versamento di un acconto che verr\u00e0 restituito nel caso il corso venisse disdetto dalla scuola.<\/p>\n","protected":false},"excerpt":{"rendered":"<p>Condizioni necessarie per la partecipazione ai Corsi e modalit\u00e0 di iscrizione I Corsi sono a numero chiuso e le iscrizioni saranno accettate secondo l&#8217;ordine di ricezione e fino ad esaurimento dei posti. Le iscrizioni devono essere effettuate almeno entro 10 giorni prima della data di inizio dell\u2019attivit\u00e0, dopo averne fatto richiesta via mail o telefonica [&hellip;]<\/p>\n","protected":false},"author":1,"featured_media":370,"parent":0,"menu_order":0,"comment_status":"closed","ping_status":"closed","template":"","meta":{"_editorskit_title_hidden":false,"_editorskit_reading_time":0,"_editorskit_is_block_options_detached":false,"_editorskit_block_options_position":"{}","_genesis_hide_title":false,"_genesis_hide_breadcrumbs":false,"_genesis_hide_singular_image":false,"_genesis_hide_footer_widgets":false,"_genesis_custom_body_class":"","_genesis_custom_post_class":"","_genesis_layout":"","footnotes":""},"yoast_head":"<!-- This site is optimized with the Yoast SEO plugin v21.4 - https:\/\/yoast.com\/wordpress\/plugins\/seo\/ -->\n<title>Condizioni e Facilities - Scuola ArteMassaggio<\/title>\n<meta name=\"description\" content=\"Condizioni necessarie per la partecipazione ai Corsi e modalit\u00e0 di iscrizione I Corsi sono a numero chiuso e le iscrizioni saranno accettate secondo\" \/>\n<meta name=\"robots\" content=\"index, follow, max-snippet:-1, max-image-preview:large, max-video-preview:-1\" \/>\n<link rel=\"canonical\" href=\"https:\/\/scuolaartemassaggio.com\/formazione\/condizioni-e-facilities\/\" \/>\n<meta property=\"og:locale\" content=\"it_IT\" \/>\n<meta property=\"og:type\" content=\"article\" \/>\n<meta property=\"og:title\" content=\"Condizioni e Facilities - Scuola ArteMassaggio\" \/>\n<meta property=\"og:description\" content=\"Condizioni necessarie per la partecipazione ai Corsi e modalit\u00e0 di iscrizione I Corsi sono a numero chiuso e le iscrizioni saranno accettate secondo\" \/>\n<meta property=\"og:url\" content=\"https:\/\/scuolaartemassaggio.com\/formazione\/condizioni-e-facilities\/\" \/>\n<meta property=\"og:site_name\" content=\"Scuola ArteMassaggio\" \/>\n<meta property=\"article:publisher\" content=\"https:\/\/www.facebook.com\/scuolaartemassaggio\/\" \/>\n<meta property=\"article:modified_time\" content=\"2023-06-12T11:40:28+00:00\" \/>\n<meta property=\"og:image\" content=\"https:\/\/scuolaartemassaggio.com\/formazione\/wp-content\/uploads\/sites\/3\/2017\/06\/IMG_20190923_151837.jpg\" \/>\n\t<meta property=\"og:image:width\" content=\"999\" \/>\n\t<meta property=\"og:image:height\" content=\"732\" \/>\n\t<meta property=\"og:image:type\" content=\"image\/jpeg\" \/>\n<meta name=\"twitter:card\" content=\"summary_large_image\" \/>\n<meta name=\"twitter:label1\" content=\"Tempo di lettura stimato\" \/>\n\t<meta name=\"twitter:data1\" content=\"3 minuti\" \/>\n<script type=\"application\/ld+json\" class=\"yoast-schema-graph\">{\"@context\":\"https:\/\/schema.org\",\"@graph\":[{\"@type\":\"WebPage\",\"@id\":\"https:\/\/scuolaartemassaggio.com\/formazione\/condizioni-e-facilities\/\",\"url\":\"https:\/\/scuolaartemassaggio.com\/formazione\/condizioni-e-facilities\/\",\"name\":\"Condizioni e Facilities - Scuola ArteMassaggio\",\"isPartOf\":{\"@id\":\"https:\/\/scuolaartemassaggio.com\/formazione\/#website\"},\"datePublished\":\"2017-09-12T09:06:46+00:00\",\"dateModified\":\"2023-06-12T11:40:28+00:00\",\"description\":\"Condizioni necessarie per la partecipazione ai Corsi e modalit\u00e0 di iscrizione I Corsi sono a numero chiuso e le iscrizioni saranno accettate secondo\",\"breadcrumb\":{\"@id\":\"https:\/\/scuolaartemassaggio.com\/formazione\/condizioni-e-facilities\/#breadcrumb\"},\"inLanguage\":\"it-IT\",\"potentialAction\":[{\"@type\":\"ReadAction\",\"target\":[\"https:\/\/scuolaartemassaggio.com\/formazione\/condizioni-e-facilities\/\"]}]},{\"@type\":\"BreadcrumbList\",\"@id\":\"https:\/\/scuolaartemassaggio.com\/formazione\/condizioni-e-facilities\/#breadcrumb\",\"itemListElement\":[{\"@type\":\"ListItem\",\"position\":1,\"name\":\"Home\",\"item\":\"https:\/\/scuolaartemassaggio.com\/formazione\/\"},{\"@type\":\"ListItem\",\"position\":2,\"name\":\"Condizioni e Facilities\"}]},{\"@type\":\"WebSite\",\"@id\":\"https:\/\/scuolaartemassaggio.com\/formazione\/#website\",\"url\":\"https:\/\/scuolaartemassaggio.com\/formazione\/\",\"name\":\"Scuola ArteMassaggio\",\"description\":\"Scuola di massaggi che propone formazione qualificata a professionisti\",\"potentialAction\":[{\"@type\":\"SearchAction\",\"target\":{\"@type\":\"EntryPoint\",\"urlTemplate\":\"https:\/\/scuolaartemassaggio.com\/formazione\/?s={search_term_string}\"},\"query-input\":\"required name=search_term_string\"}],\"inLanguage\":\"it-IT\"}]}<\/script>\n<!-- \/ Yoast SEO plugin. -->","yoast_head_json":{"title":"Condizioni e Facilities - Scuola ArteMassaggio","description":"Condizioni necessarie per la partecipazione ai Corsi e modalit\u00e0 di iscrizione I Corsi sono a numero chiuso e le iscrizioni saranno accettate secondo","robots":{"index":"index","follow":"follow","max-snippet":"max-snippet:-1","max-image-preview":"max-image-preview:large","max-video-preview":"max-video-preview:-1"},"canonical":"https:\/\/scuolaartemassaggio.com\/formazione\/condizioni-e-facilities\/","og_locale":"it_IT","og_type":"article","og_title":"Condizioni e Facilities - Scuola ArteMassaggio","og_description":"Condizioni necessarie per la partecipazione ai Corsi e modalit\u00e0 di iscrizione I Corsi sono a numero chiuso e le iscrizioni saranno accettate secondo","og_url":"https:\/\/scuolaartemassaggio.com\/formazione\/condizioni-e-facilities\/","og_site_name":"Scuola ArteMassaggio","article_publisher":"https:\/\/www.facebook.com\/scuolaartemassaggio\/","article_modified_time":"2023-06-12T11:40:28+00:00","og_image":[{"width":999,"height":732,"url":"https:\/\/scuolaartemassaggio.com\/formazione\/wp-content\/uploads\/sites\/3\/2017\/06\/IMG_20190923_151837.jpg","type":"image\/jpeg"}],"twitter_card":"summary_large_image","twitter_misc":{"Tempo di lettura stimato":"3 minuti"},"schema":{"@context":"https:\/\/schema.org","@graph":[{"@type":"WebPage","@id":"https:\/\/scuolaartemassaggio.com\/formazione\/condizioni-e-facilities\/","url":"https:\/\/scuolaartemassaggio.com\/formazione\/condizioni-e-facilities\/","name":"Condizioni e Facilities - Scuola ArteMassaggio","isPartOf":{"@id":"https:\/\/scuolaartemassaggio.com\/formazione\/#website"},"datePublished":"2017-09-12T09:06:46+00:00","dateModified":"2023-06-12T11:40:28+00:00","description":"Condizioni necessarie per la partecipazione ai Corsi e modalit\u00e0 di iscrizione I Corsi sono a numero chiuso e le iscrizioni saranno accettate secondo","breadcrumb":{"@id":"https:\/\/scuolaartemassaggio.com\/formazione\/condizioni-e-facilities\/#breadcrumb"},"inLanguage":"it-IT","potentialAction":[{"@type":"ReadAction","target":["https:\/\/scuolaartemassaggio.com\/formazione\/condizioni-e-facilities\/"]}]},{"@type":"BreadcrumbList","@id":"https:\/\/scuolaartemassaggio.com\/formazione\/condizioni-e-facilities\/#breadcrumb","itemListElement":[{"@type":"ListItem","position":1,"name":"Home","item":"https:\/\/scuolaartemassaggio.com\/formazione\/"},{"@type":"ListItem","position":2,"name":"Condizioni e Facilities"}]},{"@type":"WebSite","@id":"https:\/\/scuolaartemassaggio.com\/formazione\/#website","url":"https:\/\/scuolaartemassaggio.com\/formazione\/","name":"Scuola ArteMassaggio","description":"Scuola di massaggi che propone formazione qualificata a professionisti","potentialAction":[{"@type":"SearchAction","target":{"@type":"EntryPoint","urlTemplate":"https:\/\/scuolaartemassaggio.com\/formazione\/?s={search_term_string}"},"query-input":"required name=search_term_string"}],"inLanguage":"it-IT"}]}},"_links":{"self":[{"href":"https:\/\/scuolaartemassaggio.com\/formazione\/wp-json\/wp\/v2\/pages\/176"}],"collection":[{"href":"https:\/\/scuolaartemassaggio.com\/formazione\/wp-json\/wp\/v2\/pages"}],"about":[{"href":"https:\/\/scuolaartemassaggio.com\/formazione\/wp-json\/wp\/v2\/types\/page"}],"author":[{"embeddable":true,"href":"https:\/\/scuolaartemassaggio.com\/formazione\/wp-json\/wp\/v2\/users\/1"}],"replies":[{"embeddable":true,"href":"https:\/\/scuolaartemassaggio.com\/formazione\/wp-json\/wp\/v2\/comments?post=176"}],"version-history":[{"count":12,"href":"https:\/\/scuolaartemassaggio.com\/formazione\/wp-json\/wp\/v2\/pages\/176\/revisions"}],"predecessor-version":[{"id":543,"href":"https:\/\/scuolaartemassaggio.com\/formazione\/wp-json\/wp\/v2\/pages\/176\/revisions\/543"}],"wp:featuredmedia":[{"embeddable":true,"href":"https:\/\/scuolaartemassaggio.com\/formazione\/wp-json\/wp\/v2\/media\/370"}],"wp:attachment":[{"href":"https:\/\/scuolaartemassaggio.com\/formazione\/wp-json\/wp\/v2\/media?parent=176"}],"curies":[{"name":"wp","href":"https:\/\/api.w.org\/{rel}","templated":true}]}}